{"id":1804,"date":"2025-11-05T09:41:04","date_gmt":"2025-11-05T07:41:04","guid":{"rendered":"https:\/\/www.kumppanuustalohilma.fi\/hilma\/?page_id=1804"},"modified":"2025-11-06T08:57:14","modified_gmt":"2025-11-06T06:57:14","slug":"viestintaopas-jarjestoille","status":"publish","type":"page","link":"https:\/\/www.kumppanuustalohilma.fi\/hilma\/viestintaopas-jarjestoille\/","title":{"rendered":"Viestint\u00e4opas j\u00e4rjest\u00f6ille"},"content":{"rendered":"<h2>Vauhtia viestint\u00e4\u00e4n!<\/h2>\n<p>Onko yhdistyksesi viestint\u00e4 jumissa vanhoissa uomissa? Haminassa j\u00e4rjest\u00f6jen ja yhdistysten toiminta on kaupungin elinvoiman syd\u00e4n, mutta usein hienot asiat j\u00e4\u00e4v\u00e4t piiloon, jos niist\u00e4 ei viestit\u00e4 tarpeeksi laajasti. Onneksi avuksi on luotu\u00a0<strong>Viestint\u00e4opas Haminan j\u00e4rjest\u00f6ille<\/strong>, joka antaa ty\u00f6kaluja ja ideoita entist\u00e4 n\u00e4kyv\u00e4mp\u00e4\u00e4n viestint\u00e4\u00e4n. Oppaasta l\u00f6yd\u00e4t k\u00e4yt\u00e4nn\u00f6n vinkkej\u00e4 siihen, kuinka saat toimintasi kuuluviin Haminassa ja sen ulkopuolella. <span class=\"C9DxTc \">T\u00e4m\u00e4 viestint\u00e4opas on luotu tukemaan j\u00e4rjest\u00f6jen ja yhdistysten matkaa kohti entist\u00e4 n\u00e4kyv\u00e4mp\u00e4\u00e4 ja vaikuttavampaa viestint\u00e4\u00e4. Oppaan avulla haluamme tarjota konkreettisia ty\u00f6kaluja ja ideoita, jotta j\u00e4rjest\u00f6jen arvokas ty\u00f6 p\u00e4\u00e4see loistamaan ja tavoittaa kaikki, joiden arkeen ja el\u00e4m\u00e4\u00e4n se tuo iloa, tukea ja sis\u00e4lt\u00f6\u00e4.\u00a0<\/span><\/p>\n<p>Viestint\u00e4oppaan l\u00f6yd\u00e4t t\u00e4\u00e4lt\u00e4:<\/p>\n<p><a href=\"https:\/\/sites.google.com\/hamina.fi\/jarjestojenviestintaopas?usp=sharing\">Haminan kaupungin viestint\u00e4opas j\u00e4rjest\u00f6ille<\/a><\/p>\n<p>Lis\u00e4tietoja: <a class=\"XqQF9c\" href=\"mailto:viestinta@hamina.fi\" target=\"_blank\" rel=\"noopener\"><span class=\"C9DxTc aw5Odc \">viestinta@hamina.fi<\/span><\/a><\/p>\n","protected":false},"excerpt":{"rendered":"<p>Vauhtia viestint\u00e4\u00e4n! Onko yhdistyksesi viestint\u00e4 jumissa vanhoissa uomissa? Haminassa j\u00e4rjest\u00f6jen ja yhdistysten toiminta on kaupungin elinvoiman syd\u00e4n, mutta usein hienot asiat j\u00e4\u00e4v\u00e4t piiloon, jos niist\u00e4 ei viestit\u00e4 tarpeeksi laajasti. Onneksi avuksi on luotu\u00a0Viestint\u00e4opas Haminan j\u00e4rjest\u00f6ille, joka antaa ty\u00f6kaluja ja ideoita<\/p>\n","protected":false},"author":1,"featured_media":0,"parent":0,"menu_order":0,"comment_status":"closed","ping_status":"closed","template":"","meta":{"footnotes":""},"class_list":["post-1804","page","type-page","status-publish","hentry"],"_links":{"self":[{"href":"https:\/\/www.kumppanuustalohilma.fi\/hilma\/wp-json\/wp\/v2\/pages\/1804","targetHints":{"allow":["GET"]}}],"collection":[{"href":"https:\/\/www.kumppanuustalohilma.fi\/hilma\/wp-json\/wp\/v2\/pages"}],"about":[{"href":"https:\/\/www.kumppanuustalohilma.fi\/hilma\/wp-json\/wp\/v2\/types\/page"}],"author":[{"embeddable":true,"href":"https:\/\/www.kumppanuustalohilma.fi\/hilma\/wp-json\/wp\/v2\/users\/1"}],"replies":[{"embeddable":true,"href":"https:\/\/www.kumppanuustalohilma.fi\/hilma\/wp-json\/wp\/v2\/comments?post=1804"}],"version-history":[{"count":3,"href":"https:\/\/www.kumppanuustalohilma.fi\/hilma\/wp-json\/wp\/v2\/pages\/1804\/revisions"}],"predecessor-version":[{"id":1821,"href":"https:\/\/www.kumppanuustalohilma.fi\/hilma\/wp-json\/wp\/v2\/pages\/1804\/revisions\/1821"}],"wp:attachment":[{"href":"https:\/\/www.kumppanuustalohilma.fi\/hilma\/wp-json\/wp\/v2\/media?parent=1804"}],"curies":[{"name":"wp","href":"https:\/\/api.w.org\/{rel}","templated":true}]}}