{"id":2,"date":"2018-06-08T00:49:34","date_gmt":"2018-06-07T21:49:34","guid":{"rendered":"https:\/\/www.kumppanuustalohilma.fi\/hilma\/?page_id=2"},"modified":"2018-07-05T04:19:18","modified_gmt":"2018-07-05T01:19:18","slug":"jarjestot","status":"publish","type":"page","link":"https:\/\/www.kumppanuustalohilma.fi\/hilma\/jarjestot\/","title":{"rendered":"Hilman J\u00e4rjest\u00f6t ry"},"content":{"rendered":"<h3>Hilman J\u00e4rjest\u00f6t ry on perustettu 28.11.2017. Perustajaj\u00e4senin\u00e4 15 haminalaista yhdistyst\u00e4.<\/h3>\n<p>Hilman j\u00e4rjest\u00f6t ry:n tarkoituksena on edist\u00e4\u00e4 ja parantaa Haminassa toimivien rekister\u00f6ityjen yhdistysten toimintaedellytyksi\u00e4 sek\u00e4 edist\u00e4\u00e4 eri yhdistysten yhteisty\u00f6t\u00e4 tasavertaisesti kaikkien yhdistysten kesken. Hilma on suomenkielinen, uskonnollisesti ja poliittisesti sitoutumaton sek\u00e4 voittoa tavoittelematon yleishy\u00f6dyllinen yhdistys.<\/p>\n<p><strong>Tarkoituksensa toteuttamiseksi yhdistys:<\/strong><br \/>\n<div class=\"su-list\" style=\"margin-left:0px\">\n<ul>\n<li><i class=\"sui sui-check-square-o\" style=\"color:#44675b\"><\/i> J\u00e4rjest\u00e4\u00e4 kokouksia, toimintap\u00e4ivi\u00e4, luentoja, yleis\u00f6tilaisuuksia sek\u00e4 muuta j\u00e4senille ja ulosp\u00e4in suuntautuvaa koulutus- ja tiedotustoimintaa sek\u00e4 virkistys-, kulttuuri- ja muuta harrastetoimintaa.<\/li>\n<li><i class=\"sui sui-check-square-o\" style=\"color:#44675b\"><\/i> Toimii yhteisty\u00f6ss\u00e4 eri j\u00e4senyhdistysten v\u00e4lill\u00e4.<\/li>\n<li><i class=\"sui sui-check-square-o\" style=\"color:#44675b\"><\/i> Kehitt\u00e4\u00e4 yhteisty\u00f6t\u00e4 eri j\u00e4senyhdistysten kesken.<\/li>\n<li><i class=\"sui sui-check-square-o\" style=\"color:#44675b\"><\/i> Edist\u00e4\u00e4 monikansallista kulttuuria sek\u00e4 erikielisten asukkaiden yhteiseloa Haminassa<\/li>\n<li><i class=\"sui sui-check-square-o\" style=\"color:#44675b\"><\/i> Huolehtii siit\u00e4, ett\u00e4 Kumppanuustalo Hilma on syrjinn\u00e4st\u00e4 vapaa alue.<\/li>\n<\/ul>\n<\/div>\n<p>Toiminnan toteuttamiseksi yhdistys tulee jatkossa tarjoamaan j\u00e4senyhdistyksille Kumppanuustalolta tiloja kokoontumista ja toimintaa sek\u00e4 tavaroiden ja papereiden s\u00e4ilytt\u00e4misest\u00e4 varten. Hilman J\u00e4rjest\u00f6t ry:n tarkoituksena on hallinnoida kumppanuustalo Hilman toimintaa nykyisen STEA:n avustuskauden p\u00e4\u00e4tytty\u00e4.<\/p>\n","protected":false},"excerpt":{"rendered":"<p>Hilman J\u00e4rjest\u00f6t ry on perustettu 28.11.2017. Perustajaj\u00e4senin\u00e4 15 haminalaista yhdistyst\u00e4. Hilman j\u00e4rjest\u00f6t ry:n tarkoituksena on edist\u00e4\u00e4 ja parantaa Haminassa toimivien rekister\u00f6ityjen yhdistysten toimintaedellytyksi\u00e4 sek\u00e4 edist\u00e4\u00e4 eri yhdistysten yhteisty\u00f6t\u00e4 tasavertaisesti kaikkien yhdistysten kesken. Hilma on suomenkielinen, uskonnollisesti ja poliittisesti sitoutumaton sek\u00e4<\/p>\n","protected":false},"author":1,"featured_media":0,"parent":0,"menu_order":0,"comment_status":"closed","ping_status":"open","template":"","meta":{"footnotes":""},"class_list":["post-2","page","type-page","status-publish","hentry"],"_links":{"self":[{"href":"https:\/\/www.kumppanuustalohilma.fi\/hilma\/wp-json\/wp\/v2\/pages\/2","targetHints":{"allow":["GET"]}}],"collection":[{"href":"https:\/\/www.kumppanuustalohilma.fi\/hilma\/wp-json\/wp\/v2\/pages"}],"about":[{"href":"https:\/\/www.kumppanuustalohilma.fi\/hilma\/wp-json\/wp\/v2\/types\/page"}],"author":[{"embeddable":true,"href":"https:\/\/www.kumppanuustalohilma.fi\/hilma\/wp-json\/wp\/v2\/users\/1"}],"replies":[{"embeddable":true,"href":"https:\/\/www.kumppanuustalohilma.fi\/hilma\/wp-json\/wp\/v2\/comments?post=2"}],"version-history":[{"count":4,"href":"https:\/\/www.kumppanuustalohilma.fi\/hilma\/wp-json\/wp\/v2\/pages\/2\/revisions"}],"predecessor-version":[{"id":129,"href":"https:\/\/www.kumppanuustalohilma.fi\/hilma\/wp-json\/wp\/v2\/pages\/2\/revisions\/129"}],"wp:attachment":[{"href":"https:\/\/www.kumppanuustalohilma.fi\/hilma\/wp-json\/wp\/v2\/media?parent=2"}],"curies":[{"name":"wp","href":"https:\/\/api.w.org\/{rel}","templated":true}]}}