{"id":246,"date":"2018-07-26T16:08:11","date_gmt":"2018-07-26T13:08:11","guid":{"rendered":"https:\/\/www.kumppanuustalohilma.fi\/hilma\/?page_id=246"},"modified":"2025-11-05T09:44:33","modified_gmt":"2025-11-05T07:44:33","slug":"lahella-fi","status":"publish","type":"page","link":"https:\/\/www.kumppanuustalohilma.fi\/hilma\/lahella-fi\/","title":{"rendered":"L\u00e4hell\u00e4.fi"},"content":{"rendered":"<h1>Tiesitk\u00f6 ilmaisesta L\u00e4hell\u00e4.fi -palvelusta?<\/h1>\n<p>L\u00e4hell\u00e4.fi on valtakunnallisesti ja alueellisesti toimiva helppok\u00e4ytt\u00f6inen verkkopalvelu, jonka avulla l\u00f6yd\u00e4t merkityksellist\u00e4 toimintaa, yhteis\u00f6llisyytt\u00e4, apua ja osallistumismahdollisuuksia. Palvelu kokoaa j\u00e4rjest\u00f6jen ja yhteis\u00f6jen tuen, toiminnan ja tapahtumat yhteen osoitteeseen, sek\u00e4 edist\u00e4\u00e4 kansalaistoiminnan n\u00e4kyvyytt\u00e4 Suomessa.\u00a0Tutustu palveluun: <a href=\"https:\/\/www.lahella.fi\/\">https:\/\/www.lahella.fi\/<\/a><\/p>\n<p><a href=\"https:\/\/www.lahella.fi\/\"><img loading=\"lazy\" decoding=\"async\" class=\"aligncenter wp-image-1060 size-large\" src=\"https:\/\/www.kumppanuustalohilma.fi\/hilma\/wp-content\/uploads\/2022\/09\/Nayttokuva-2022-09-29-102718-1024x689.jpg\" alt=\"\" width=\"750\" height=\"505\" srcset=\"https:\/\/www.kumppanuustalohilma.fi\/hilma\/wp-content\/uploads\/2022\/09\/Nayttokuva-2022-09-29-102718-1024x689.jpg 1024w, https:\/\/www.kumppanuustalohilma.fi\/hilma\/wp-content\/uploads\/2022\/09\/Nayttokuva-2022-09-29-102718-300x202.jpg 300w, https:\/\/www.kumppanuustalohilma.fi\/hilma\/wp-content\/uploads\/2022\/09\/Nayttokuva-2022-09-29-102718-768x516.jpg 768w, https:\/\/www.kumppanuustalohilma.fi\/hilma\/wp-content\/uploads\/2022\/09\/Nayttokuva-2022-09-29-102718-1536x1033.jpg 1536w, https:\/\/www.kumppanuustalohilma.fi\/hilma\/wp-content\/uploads\/2022\/09\/Nayttokuva-2022-09-29-102718.jpg 1884w\" sizes=\"auto, (max-width: 750px) 100vw, 750px\" \/><\/a><\/p>\n<h2 dir=\"ltr\">Oletko jo rekister\u00f6inyt yhdistyksesi l\u00e4hell\u00e4.fi &#8211; palveluun?<\/h2>\n<p dir=\"ltr\">L\u00e4hell\u00e4.fi-verkkopalvelu on tarkoitettu yleishy\u00f6dyllisen toiminnan esittelyyn. Mukaan voivat rekister\u00f6ity\u00e4 kaikki hyvinvointia edist\u00e4v\u00e4t yhdistykset, liitot, j\u00e4rjest\u00f6t, erilaiset yhteis\u00f6t ja aktiiviset kansalaistoimijat. My\u00f6s kunnat ja seurakunnat voivat rekister\u00f6ity\u00e4 toimijoiksi. Kaupalliset yritykset voivat rekister\u00f6ity\u00e4 palveluun vapaaehtoistoimintansa osalta. Verkkopalvelu kokoaa yhteen palveluun kaikki yhdistysten, j\u00e4rjest\u00f6jen ja yhteis\u00f6jen tarjoamat toimintailmoitukset ja tapahtumat monialaisesti, paikallisesti ja valtakunnallisesti. Kansalaiset ja kuntien palveluohjauksesta vastaavat k\u00e4ytt\u00e4v\u00e4t palvelua tietol\u00e4hteen\u00e4\u00e4n.<\/p>\n<p dir=\"ltr\">Ilmoittamalla j\u00e4rjest\u00f6si yhteystiedot palveluun varmistat, ett\u00e4 kansalaiset l\u00f6yt\u00e4v\u00e4t j\u00e4rjest\u00f6nne. Julkinen sektori hy\u00f6dynt\u00e4\u00e4 palvelussa olevia s\u00e4hk\u00f6postiosoitteita tiedottamiseen ja yhteisty\u00f6kutsujen l\u00e4hett\u00e4miseen. Yhteystietojen lis\u00e4ksi j\u00e4rjest\u00f6n kannattaa ilmoittaa my\u00f6s kaikesta toiminnastaan, jotta j\u00e4rjest\u00e4m\u00e4nne toimintamahdollisuudet l\u00f6ytyv\u00e4t hakutuloksista.<\/p>\n<p dir=\"ltr\">Ohjeet palveluun rekister\u00f6itymiseen l\u00f6yd\u00e4t t\u00e4\u00e4lt\u00e4:\u00a0<a href=\"https:\/\/www.lahella.fi\/palvelun-kayttoohjeet\">https:\/\/www.lahella.fi\/palvelun-kayttoohjeet<\/a><\/p>\n<p dir=\"ltr\">Uuden organisaation p\u00e4\u00e4set luomaan t\u00e4\u00e4ll\u00e4:\u00a0<a href=\"https:\/\/www.lahella.fi\/forms\/create-group\">https:\/\/www.lahella.fi\/forms\/create-group<\/a><\/p>\n<p>&nbsp;<\/p>\n<h2>L\u00e4hell\u00e4.fi &#8211; mukana arkea tukemassa<\/h2>\n<h5 dir=\"ltr\">Tukea ja apua<\/h5>\n<p dir=\"ltr\">J\u00e4rjest\u00f6ist\u00e4 l\u00f6yd\u00e4t vertaistukea, keskusteluapua ja neuvontaa tarpeesi mukaan. Yksin ei tarvitse j\u00e4\u00e4d\u00e4. Suomessa on yli kymmenentuhatta hyvinvointialan j\u00e4rjest\u00f6\u00e4, jotka auttavat yli miljoonaa ihmist\u00e4 joka vuosi. L\u00e4hell\u00e4.fi sivuilta l\u00f6yd\u00e4t monipuolista tietoa, toiminta- ja tukiryhmi\u00e4, vertaistukea, neuvontaa, auttavat puhelimet ja chatit, kursseja ja tapahtumia.<\/p>\n<h5 dir=\"ltr\">Tekemist\u00e4 vapaa-ajalle<\/h5>\n<p dir=\"ltr\">Oletko vailla harrastusta, etsitk\u00f6 tekemist\u00e4? Yhdistykset, j\u00e4rjest\u00f6t ja yhteis\u00f6t j\u00e4rjest\u00e4v\u00e4t monipuolisesti harrastusmahdollisuuksia (my\u00f6s matalalla kynnyksell\u00e4), tapahtumia, ryhm\u00e4toimintaa sek\u00e4 monipuolista tekemist\u00e4.<\/p>\n<h5 dir=\"ltr\">Vapaaehtoistoimintaa<\/h5>\n<p dir=\"ltr\">Olisiko sinulla aikaa ja kiinnostusta toimia vapaaehtoisena?\u00a0 Vapaaehtoisena voit toimia itsellesi t\u00e4rkeiden asioiden puolesta ja osallistua sinulle sopivalla tavalla omien taitojesi ja aikasi puitteissa. Vapaaehtoistoiminnasta l\u00f6yd\u00e4t tekemist\u00e4, opit uutta, tutustut ihmisiin ja paljon muuta.<\/p>\n<p>Lis\u00e4tietoja:\u00a0<a href=\"https:\/\/www.lahella.fi\/\">https:\/\/www.lahella.fi\/<\/a><\/p>\n<p dir=\"ltr\">\n","protected":false},"excerpt":{"rendered":"<p>Tiesitk\u00f6 ilmaisesta L\u00e4hell\u00e4.fi -palvelusta? L\u00e4hell\u00e4.fi on valtakunnallisesti ja alueellisesti toimiva helppok\u00e4ytt\u00f6inen verkkopalvelu, jonka avulla l\u00f6yd\u00e4t merkityksellist\u00e4 toimintaa, yhteis\u00f6llisyytt\u00e4, apua ja osallistumismahdollisuuksia. Palvelu kokoaa j\u00e4rjest\u00f6jen ja yhteis\u00f6jen tuen, toiminnan ja tapahtumat yhteen osoitteeseen, sek\u00e4 edist\u00e4\u00e4 kansalaistoiminnan n\u00e4kyvyytt\u00e4 Suomessa.\u00a0Tutustu palveluun: https:\/\/www.lahella.fi\/ Oletko<\/p>\n","protected":false},"author":1,"featured_media":0,"parent":0,"menu_order":0,"comment_status":"closed","ping_status":"closed","template":"","meta":{"footnotes":""},"class_list":["post-246","page","type-page","status-publish","hentry"],"_links":{"self":[{"href":"https:\/\/www.kumppanuustalohilma.fi\/hilma\/wp-json\/wp\/v2\/pages\/246","targetHints":{"allow":["GET"]}}],"collection":[{"href":"https:\/\/www.kumppanuustalohilma.fi\/hilma\/wp-json\/wp\/v2\/pages"}],"about":[{"href":"https:\/\/www.kumppanuustalohilma.fi\/hilma\/wp-json\/wp\/v2\/types\/page"}],"author":[{"embeddable":true,"href":"https:\/\/www.kumppanuustalohilma.fi\/hilma\/wp-json\/wp\/v2\/users\/1"}],"replies":[{"embeddable":true,"href":"https:\/\/www.kumppanuustalohilma.fi\/hilma\/wp-json\/wp\/v2\/comments?post=246"}],"version-history":[{"count":9,"href":"https:\/\/www.kumppanuustalohilma.fi\/hilma\/wp-json\/wp\/v2\/pages\/246\/revisions"}],"predecessor-version":[{"id":1812,"href":"https:\/\/www.kumppanuustalohilma.fi\/hilma\/wp-json\/wp\/v2\/pages\/246\/revisions\/1812"}],"wp:attachment":[{"href":"https:\/\/www.kumppanuustalohilma.fi\/hilma\/wp-json\/wp\/v2\/media?parent=246"}],"curies":[{"name":"wp","href":"https:\/\/api.w.org\/{rel}","templated":true}]}}