{"id":391,"date":"2019-02-26T14:17:38","date_gmt":"2019-02-26T12:17:38","guid":{"rendered":"https:\/\/www.kumppanuustalohilma.fi\/hilma\/?page_id=391"},"modified":"2023-01-11T12:17:30","modified_gmt":"2023-01-11T10:17:30","slug":"iloa-arkeen-toiminta-hilmalla","status":"publish","type":"page","link":"https:\/\/www.kumppanuustalohilma.fi\/hilma\/iloa-arkeen-toiminta-hilmalla\/","title":{"rendered":"Iloa Arkeen-toiminta Hilmalla"},"content":{"rendered":"<h4>Kumppanuustalo Hilman Iloa Arkeen -toiminta on kaikille avointa!<\/h4>\n<p>Kumppanuustalo Hilman kaikille avoimen toiminnan tunnistat Iloa Arkeen-merkist\u00e4. Iloa Arkeen-toiminta j\u00e4rjestet\u00e4\u00e4n yhteisty\u00f6ss\u00e4 paikallisen yhdistysten, seurakunnan ja kaupungin kanssa. Viikoittaisen toiminnan lis\u00e4ksi, Hilmalla j\u00e4rjestet\u00e4\u00e4n vuoden aikana useita tapahtumia, koulutuksia ja teemap\u00e4ivi\u00e4. Viikoittaisia ryhmi\u00e4 vet\u00e4v\u00e4t alan ammattilaiset, koulutetut vapaaehtoiset sek\u00e4 koulutetut vertaisohjaajat. Toiminta on maksutonta, eik\u00e4 vaadi ennakkoilmoittautumista. Ryhm\u00e4toiminnan tavoitteina on tukea arjen jaksamista, ehk\u00e4ist\u00e4 digisyrj\u00e4ytymist\u00e4 ja auttaa digihaasteissa, ehk\u00e4ist\u00e4 yksin\u00e4isyytt\u00e4, tukea vaikeassa el\u00e4m\u00e4ntilanteessa, antaa vertaistukea sosiaalisiin ja terveydellisiin haasteisiin, tukea lapsiperheiden jaksamista sek\u00e4 maahanmuuttajien kotoutumista.<\/p>\n<h5><\/h5>\n<p><img loading=\"lazy\" decoding=\"async\" class=\"wp-image-397 size-medium aligncenter\" src=\"https:\/\/www.kumppanuustalohilma.fi\/hilma\/wp-content\/uploads\/2019\/02\/IAP-logo-pun-300x300.jpg\" alt=\"\" width=\"300\" height=\"300\" srcset=\"https:\/\/www.kumppanuustalohilma.fi\/hilma\/wp-content\/uploads\/2019\/02\/IAP-logo-pun-300x300.jpg 300w, https:\/\/www.kumppanuustalohilma.fi\/hilma\/wp-content\/uploads\/2019\/02\/IAP-logo-pun-150x150.jpg 150w, https:\/\/www.kumppanuustalohilma.fi\/hilma\/wp-content\/uploads\/2019\/02\/IAP-logo-pun-768x768.jpg 768w, https:\/\/www.kumppanuustalohilma.fi\/hilma\/wp-content\/uploads\/2019\/02\/IAP-logo-pun-1024x1024.jpg 1024w, https:\/\/www.kumppanuustalohilma.fi\/hilma\/wp-content\/uploads\/2019\/02\/IAP-logo-pun-270x270.jpg 270w, https:\/\/www.kumppanuustalohilma.fi\/hilma\/wp-content\/uploads\/2019\/02\/IAP-logo-pun-230x230.jpg 230w, https:\/\/www.kumppanuustalohilma.fi\/hilma\/wp-content\/uploads\/2019\/02\/IAP-logo-pun.jpg 1182w\" sizes=\"auto, (max-width: 300px) 100vw, 300px\" \/><\/p>\n<p>&nbsp;<\/p>\n<p>&nbsp;<\/p>\n","protected":false},"excerpt":{"rendered":"<p>Kumppanuustalo Hilman Iloa Arkeen -toiminta on kaikille avointa! Kumppanuustalo Hilman kaikille avoimen toiminnan tunnistat Iloa Arkeen-merkist\u00e4. Iloa Arkeen-toiminta j\u00e4rjestet\u00e4\u00e4n yhteisty\u00f6ss\u00e4 paikallisen yhdistysten, seurakunnan ja kaupungin kanssa. Viikoittaisen toiminnan lis\u00e4ksi, Hilmalla j\u00e4rjestet\u00e4\u00e4n vuoden aikana useita tapahtumia, koulutuksia ja teemap\u00e4ivi\u00e4. Viikoittaisia ryhmi\u00e4<\/p>\n","protected":false},"author":1,"featured_media":0,"parent":0,"menu_order":0,"comment_status":"closed","ping_status":"closed","template":"","meta":{"footnotes":""},"class_list":["post-391","page","type-page","status-publish","hentry"],"_links":{"self":[{"href":"https:\/\/www.kumppanuustalohilma.fi\/hilma\/wp-json\/wp\/v2\/pages\/391","targetHints":{"allow":["GET"]}}],"collection":[{"href":"https:\/\/www.kumppanuustalohilma.fi\/hilma\/wp-json\/wp\/v2\/pages"}],"about":[{"href":"https:\/\/www.kumppanuustalohilma.fi\/hilma\/wp-json\/wp\/v2\/types\/page"}],"author":[{"embeddable":true,"href":"https:\/\/www.kumppanuustalohilma.fi\/hilma\/wp-json\/wp\/v2\/users\/1"}],"replies":[{"embeddable":true,"href":"https:\/\/www.kumppanuustalohilma.fi\/hilma\/wp-json\/wp\/v2\/comments?post=391"}],"version-history":[{"count":9,"href":"https:\/\/www.kumppanuustalohilma.fi\/hilma\/wp-json\/wp\/v2\/pages\/391\/revisions"}],"predecessor-version":[{"id":1191,"href":"https:\/\/www.kumppanuustalohilma.fi\/hilma\/wp-json\/wp\/v2\/pages\/391\/revisions\/1191"}],"wp:attachment":[{"href":"https:\/\/www.kumppanuustalohilma.fi\/hilma\/wp-json\/wp\/v2\/media?parent=391"}],"curies":[{"name":"wp","href":"https:\/\/api.w.org\/{rel}","templated":true}]}}