{"id":68,"date":"2018-06-26T02:38:45","date_gmt":"2018-06-25T23:38:45","guid":{"rendered":"https:\/\/www.kumppanuustalohilma.fi\/hilma\/?page_id=68"},"modified":"2025-12-02T14:07:47","modified_gmt":"2025-12-02T12:07:47","slug":"hallitus","status":"publish","type":"page","link":"https:\/\/www.kumppanuustalohilma.fi\/hilma\/hallitus\/","title":{"rendered":"Hallitus"},"content":{"rendered":"<p>&nbsp;<\/p>\n<table style=\"height: 655px;\" width=\"322\">\n<tbody>\n<tr>\n<td width=\"137\">Puheenjohtaja<\/td>\n<td width=\"141\">Mari Huttunen<\/td>\n<\/tr>\n<tr>\n<td>Varapuheenjohtaja<\/td>\n<td>Tuire Pulkkinen<\/td>\n<\/tr>\n<tr>\n<td>Sihteeri<\/td>\n<td>Minna M\u00e4ntt\u00e4ri *<\/td>\n<\/tr>\n<tr>\n<td><\/td>\n<td><\/td>\n<\/tr>\n<tr>\n<td>J\u00e4senet<\/td>\n<td>Kaarina Liljander<\/td>\n<\/tr>\n<tr>\n<td><\/td>\n<td>Janne K\u00e4\u00e4ri\u00e4inen<\/td>\n<\/tr>\n<tr>\n<td><\/td>\n<td>Saga Taskinen-Pitk\u00e4nen<\/td>\n<\/tr>\n<tr>\n<td><\/td>\n<td>Jari Herrala<\/td>\n<\/tr>\n<tr>\n<td><\/td>\n<td>Satu-Maria T\u00f6yryl\u00e4<\/td>\n<\/tr>\n<tr>\n<td><\/td>\n<td>Anne Malmi<\/td>\n<\/tr>\n<tr>\n<td><\/td>\n<td>Jorma Posti<\/td>\n<\/tr>\n<tr>\n<td><\/td>\n<td>Juha Lammi<\/td>\n<\/tr>\n<tr>\n<td><\/td>\n<td><\/td>\n<\/tr>\n<tr>\n<td>Varaj\u00e4senet<\/td>\n<td>Inga\u00a0Ehrnrooth-Lammila<\/td>\n<\/tr>\n<tr>\n<td><\/td>\n<td>Pentti Hannula<\/td>\n<\/tr>\n<tr>\n<td><\/td>\n<td>Anne Konttinen<\/td>\n<\/tr>\n<tr>\n<td><\/td>\n<td>Eeva Purovaara<\/td>\n<\/tr>\n<tr>\n<td><\/td>\n<td>Ulla Sivonen<\/td>\n<\/tr>\n<tr>\n<td><\/td>\n<td>Sirpa Hakuli<\/td>\n<\/tr>\n<tr>\n<td><\/td>\n<td><\/td>\n<\/tr>\n<tr>\n<td><\/td>\n<td><\/td>\n<\/tr>\n<\/tbody>\n<\/table>\n<p>*Hallituksen ulkopuolinen<\/p>\n","protected":false},"excerpt":{"rendered":"<p>&nbsp; Puheenjohtaja Mari Huttunen Varapuheenjohtaja Tuire Pulkkinen Sihteeri Minna M\u00e4ntt\u00e4ri * J\u00e4senet Kaarina Liljander Janne K\u00e4\u00e4ri\u00e4inen Saga Taskinen-Pitk\u00e4nen Jari Herrala Satu-Maria T\u00f6yryl\u00e4 Anne Malmi Jorma Posti Juha Lammi Varaj\u00e4senet Inga\u00a0Ehrnrooth-Lammila Pentti Hannula Anne Konttinen Eeva Purovaara Ulla Sivonen Sirpa Hakuli<\/p>\n","protected":false},"author":1,"featured_media":0,"parent":0,"menu_order":0,"comment_status":"closed","ping_status":"closed","template":"","meta":{"footnotes":""},"class_list":["post-68","page","type-page","status-publish","hentry"],"_links":{"self":[{"href":"https:\/\/www.kumppanuustalohilma.fi\/hilma\/wp-json\/wp\/v2\/pages\/68","targetHints":{"allow":["GET"]}}],"collection":[{"href":"https:\/\/www.kumppanuustalohilma.fi\/hilma\/wp-json\/wp\/v2\/pages"}],"about":[{"href":"https:\/\/www.kumppanuustalohilma.fi\/hilma\/wp-json\/wp\/v2\/types\/page"}],"author":[{"embeddable":true,"href":"https:\/\/www.kumppanuustalohilma.fi\/hilma\/wp-json\/wp\/v2\/users\/1"}],"replies":[{"embeddable":true,"href":"https:\/\/www.kumppanuustalohilma.fi\/hilma\/wp-json\/wp\/v2\/comments?post=68"}],"version-history":[{"count":18,"href":"https:\/\/www.kumppanuustalohilma.fi\/hilma\/wp-json\/wp\/v2\/pages\/68\/revisions"}],"predecessor-version":[{"id":1884,"href":"https:\/\/www.kumppanuustalohilma.fi\/hilma\/wp-json\/wp\/v2\/pages\/68\/revisions\/1884"}],"wp:attachment":[{"href":"https:\/\/www.kumppanuustalohilma.fi\/hilma\/wp-json\/wp\/v2\/media?parent=68"}],"curies":[{"name":"wp","href":"https:\/\/api.w.org\/{rel}","templated":true}]}}